{"id":3754,"date":"2026-04-10T15:53:55","date_gmt":"2026-04-10T13:53:55","guid":{"rendered":"https:\/\/www.mobiklasse.de\/?page_id=3754"},"modified":"2026-04-10T15:59:14","modified_gmt":"2026-04-10T13:59:14","slug":"barrierefreiheit","status":"publish","type":"page","link":"https:\/\/www.mobiklasse.de\/de\/barrierefreiheit\/","title":{"rendered":"Barrierefreiheit"},"content":{"rendered":"<style>.wp-block-kadence-advancedheading.kt-adv-heading3198_ef12d8-8c_0, .wp-block-kadence-advancedheading.kt-adv-heading3198_ef12d8-8c_0[data-kb-block=\"kb-adv-heading3198_ef12d8-8c_0\"]{font-style:normal;}.wp-block-kadence-advancedheading.kt-adv-heading3198_ef12d8-8c_0 mark.kt-highlight, .wp-block-kadence-advancedheading.kt-adv-heading3198_ef12d8-8c_0[data-kb-block=\"kb-adv-heading3198_ef12d8-8c_0\"] mark.kt-highlight{font-style:normal;color:#f76a0c;-webkit-box-decoration-break:clone;box-decoration-break:clone;padding-top:0px;padding-right:0px;padding-bottom:0px;padding-left:0px;}.wp-block-kadence-advancedheading.kt-adv-heading3198_ef12d8-8c_0 img.kb-inline-image, .wp-block-kadence-advancedheading.kt-adv-heading3198_ef12d8-8c_0[data-kb-block=\"kb-adv-heading3198_ef12d8-8c_0\"] img.kb-inline-image{width:150px;vertical-align:baseline;}<\/style>\n<h1 class=\"kt-adv-heading3198_ef12d8-8c_0 wp-block-kadence-advancedheading\" data-kb-block=\"kb-adv-heading3198_ef12d8-8c_0\">Erkl\u00e4rung zur Barrierefreiheit<\/h1>\n\n\n<style>.wp-block-kadence-advancedheading.kt-adv-heading3754_6b60cb-d8, .wp-block-kadence-advancedheading.kt-adv-heading3754_6b60cb-d8[data-kb-block=\"kb-adv-heading3754_6b60cb-d8\"]{font-style:normal;}.wp-block-kadence-advancedheading.kt-adv-heading3754_6b60cb-d8 mark.kt-highlight, .wp-block-kadence-advancedheading.kt-adv-heading3754_6b60cb-d8[data-kb-block=\"kb-adv-heading3754_6b60cb-d8\"] mark.kt-highlight{font-style:normal;color:#f76a0c;-webkit-box-decoration-break:clone;box-decoration-break:clone;padding-top:0px;padding-right:0px;padding-bottom:0px;padding-left:0px;}.wp-block-kadence-advancedheading.kt-adv-heading3754_6b60cb-d8 img.kb-inline-image, .wp-block-kadence-advancedheading.kt-adv-heading3754_6b60cb-d8[data-kb-block=\"kb-adv-heading3754_6b60cb-d8\"] img.kb-inline-image{width:150px;vertical-align:baseline;}<\/style>\n<h2 class=\"kt-adv-heading3754_6b60cb-d8 wp-block-kadence-advancedheading\" data-kb-block=\"kb-adv-heading3754_6b60cb-d8\">Dienstleistungsbeschreibung<\/h2>\n\n\n<style>.wp-block-kadence-advancedheading.kt-adv-heading3754_f72a90-e8, .wp-block-kadence-advancedheading.kt-adv-heading3754_f72a90-e8[data-kb-block=\"kb-adv-heading3754_f72a90-e8\"]{font-style:normal;}.wp-block-kadence-advancedheading.kt-adv-heading3754_f72a90-e8 mark.kt-highlight, .wp-block-kadence-advancedheading.kt-adv-heading3754_f72a90-e8[data-kb-block=\"kb-adv-heading3754_f72a90-e8\"] mark.kt-highlight{font-style:normal;color:#f76a0c;-webkit-box-decoration-break:clone;box-decoration-break:clone;padding-top:0px;padding-right:0px;padding-bottom:0px;padding-left:0px;}.wp-block-kadence-advancedheading.kt-adv-heading3754_f72a90-e8 img.kb-inline-image, .wp-block-kadence-advancedheading.kt-adv-heading3754_f72a90-e8[data-kb-block=\"kb-adv-heading3754_f72a90-e8\"] img.kb-inline-image{width:150px;vertical-align:baseline;}<\/style>\n<p class=\"kt-adv-heading3754_f72a90-e8 wp-block-kadence-advancedheading\" data-kb-block=\"kb-adv-heading3754_f72a90-e8\">Die Webseite mobiklasse.de stellt ein Programm des Deutsch-Franz\u00f6sischen Jugendwerks (DFJW) vor, das junge deutschsprachige Lektor:innen nach Frankreich entsendet, um Kindern und Jugendlichen die deutsche Sprache und Kultur n\u00e4herzubringen. Ziel ist es, durch spielerische und interaktive Animationen in Schulen das Interesse an der deutschen Sprache zu f\u00f6rdern und interkulturellen Austausch zu erm\u00f6glichen.<\/p>\n\n\n<style>.wp-block-kadence-advancedheading.kt-adv-heading3754_0f055d-c3, .wp-block-kadence-advancedheading.kt-adv-heading3754_0f055d-c3[data-kb-block=\"kb-adv-heading3754_0f055d-c3\"]{font-style:normal;}.wp-block-kadence-advancedheading.kt-adv-heading3754_0f055d-c3 mark.kt-highlight, .wp-block-kadence-advancedheading.kt-adv-heading3754_0f055d-c3[data-kb-block=\"kb-adv-heading3754_0f055d-c3\"] mark.kt-highlight{font-style:normal;color:#f76a0c;-webkit-box-decoration-break:clone;box-decoration-break:clone;padding-top:0px;padding-right:0px;padding-bottom:0px;padding-left:0px;}.wp-block-kadence-advancedheading.kt-adv-heading3754_0f055d-c3 img.kb-inline-image, .wp-block-kadence-advancedheading.kt-adv-heading3754_0f055d-c3[data-kb-block=\"kb-adv-heading3754_0f055d-c3\"] img.kb-inline-image{width:150px;vertical-align:baseline;}<\/style>\n<p class=\"kt-adv-heading3754_0f055d-c3 wp-block-kadence-advancedheading\" data-kb-block=\"kb-adv-heading3754_0f055d-c3\">Das Angebot richtet sich an franz\u00f6sische Bildungseinrichtungen aller Schulformen, die die Lektor:innen f\u00fcr Unterrichtsbesuche einladen k\u00f6nnen. Die Webseite bietet Informationen zur Programmbewerbung, zu den Aufgaben der Lektor:innen, zu den Einsatzorten sowie zu den p\u00e4dagogischen Zielen und Unterst\u00fctzungsleistungen. Dar\u00fcber hinaus finden sich Erfahrungsberichte, Ausschreibungen und Hinweise zur Organisation und Durchf\u00fchrung der Schulbesuche.<\/p>\n\n\n<style>.wp-block-kadence-advancedheading.kt-adv-heading3754_b3a75b-09, .wp-block-kadence-advancedheading.kt-adv-heading3754_b3a75b-09[data-kb-block=\"kb-adv-heading3754_b3a75b-09\"]{font-style:normal;}.wp-block-kadence-advancedheading.kt-adv-heading3754_b3a75b-09 mark.kt-highlight, .wp-block-kadence-advancedheading.kt-adv-heading3754_b3a75b-09[data-kb-block=\"kb-adv-heading3754_b3a75b-09\"] mark.kt-highlight{font-style:normal;color:#f76a0c;-webkit-box-decoration-break:clone;box-decoration-break:clone;padding-top:0px;padding-right:0px;padding-bottom:0px;padding-left:0px;}.wp-block-kadence-advancedheading.kt-adv-heading3754_b3a75b-09 img.kb-inline-image, .wp-block-kadence-advancedheading.kt-adv-heading3754_b3a75b-09[data-kb-block=\"kb-adv-heading3754_b3a75b-09\"] img.kb-inline-image{width:150px;vertical-align:baseline;}<\/style>\n<p class=\"kt-adv-heading3754_b3a75b-09 wp-block-kadence-advancedheading\" data-kb-block=\"kb-adv-heading3754_b3a75b-09\">Die Webseite bietet Informationen \u00fcber das Programm, die M\u00f6glichkeit zur Buchung von Animationen, aktuelle Ausschreibungen f\u00fcr Lektor:innen sowie Hinweise zu Veranstaltungen und Presseberichten. FranceMobil richtet sich an Lehrkr\u00e4fte, Sch\u00fcler:innen und junge Erwachsene, die sich f\u00fcr die franz\u00f6sische Sprache und Kultur interessieren.<\/p>\n\n\n<style>.wp-block-kadence-advancedheading.kt-adv-heading3754_6c4a85-8b, .wp-block-kadence-advancedheading.kt-adv-heading3754_6c4a85-8b[data-kb-block=\"kb-adv-heading3754_6c4a85-8b\"]{font-style:normal;}.wp-block-kadence-advancedheading.kt-adv-heading3754_6c4a85-8b mark.kt-highlight, .wp-block-kadence-advancedheading.kt-adv-heading3754_6c4a85-8b[data-kb-block=\"kb-adv-heading3754_6c4a85-8b\"] mark.kt-highlight{font-style:normal;color:#f76a0c;-webkit-box-decoration-break:clone;box-decoration-break:clone;padding-top:0px;padding-right:0px;padding-bottom:0px;padding-left:0px;}.wp-block-kadence-advancedheading.kt-adv-heading3754_6c4a85-8b img.kb-inline-image, .wp-block-kadence-advancedheading.kt-adv-heading3754_6c4a85-8b[data-kb-block=\"kb-adv-heading3754_6c4a85-8b\"] img.kb-inline-image{width:150px;vertical-align:baseline;}<\/style>\n<h2 class=\"kt-adv-heading3754_6c4a85-8b wp-block-kadence-advancedheading\" data-kb-block=\"kb-adv-heading3754_6c4a85-8b\">Geltende Anforderungen<\/h2>\n\n\n<style>.wp-block-kadence-advancedheading.kt-adv-heading3754_b409f0-7c, .wp-block-kadence-advancedheading.kt-adv-heading3754_b409f0-7c[data-kb-block=\"kb-adv-heading3754_b409f0-7c\"]{font-style:normal;}.wp-block-kadence-advancedheading.kt-adv-heading3754_b409f0-7c mark.kt-highlight, .wp-block-kadence-advancedheading.kt-adv-heading3754_b409f0-7c[data-kb-block=\"kb-adv-heading3754_b409f0-7c\"] mark.kt-highlight{font-style:normal;color:#f76a0c;-webkit-box-decoration-break:clone;box-decoration-break:clone;padding-top:0px;padding-right:0px;padding-bottom:0px;padding-left:0px;}.wp-block-kadence-advancedheading.kt-adv-heading3754_b409f0-7c img.kb-inline-image, .wp-block-kadence-advancedheading.kt-adv-heading3754_b409f0-7c[data-kb-block=\"kb-adv-heading3754_b409f0-7c\"] img.kb-inline-image{width:150px;vertical-align:baseline;}<\/style>\n<p class=\"kt-adv-heading3754_b409f0-7c wp-block-kadence-advancedheading\" data-kb-block=\"kb-adv-heading3754_b409f0-7c\">Die Anforderungen zur Barrierefreiheit ergeben sich aus dem Barrierefreiheitsst\u00e4rkungsgesetz (BFSG), insbesondere aus <a href=\"https:\/\/bfsg-gesetz.de\/14-bfsg\/\" target=\"_blank\" rel=\"noreferrer noopener nofollow\">\u00a7 14 BFSG<\/a> i.V.m. <a href=\"https:\/\/bfsg-gesetz.de\/3-bfsg\/\" target=\"_blank\" data-type=\"link\" data-id=\"https:\/\/bfsg-gesetz.de\/3-bfsg\/\" rel=\"noreferrer noopener nofollow\">\u00a7 3 Abs. 1 BFSG<\/a>, sowie der zugrunde liegenden Verordnung zum Barrierefreiheitsst\u00e4rkungsgesetz (BFSG).<\/p>\n\n\n<style>.wp-block-kadence-advancedheading.kt-adv-heading3754_362c7b-9c, .wp-block-kadence-advancedheading.kt-adv-heading3754_362c7b-9c[data-kb-block=\"kb-adv-heading3754_362c7b-9c\"]{font-style:normal;}.wp-block-kadence-advancedheading.kt-adv-heading3754_362c7b-9c mark.kt-highlight, .wp-block-kadence-advancedheading.kt-adv-heading3754_362c7b-9c[data-kb-block=\"kb-adv-heading3754_362c7b-9c\"] mark.kt-highlight{font-style:normal;color:#f76a0c;-webkit-box-decoration-break:clone;box-decoration-break:clone;padding-top:0px;padding-right:0px;padding-bottom:0px;padding-left:0px;}.wp-block-kadence-advancedheading.kt-adv-heading3754_362c7b-9c img.kb-inline-image, .wp-block-kadence-advancedheading.kt-adv-heading3754_362c7b-9c[data-kb-block=\"kb-adv-heading3754_362c7b-9c\"] img.kb-inline-image{width:150px;vertical-align:baseline;}<\/style>\n<p class=\"kt-adv-heading3754_362c7b-9c wp-block-kadence-advancedheading\" data-kb-block=\"kb-adv-heading3754_362c7b-9c\">Die konkreten technischen Ma\u00dfnahmen orientieren sich vorliegend an den Richtlinien der Web Content Accessibility Guidelines (WCAG) der Version 2.2 mit Konformit\u00e4tsstufen A und AA.<\/p>\n\n\n\n<ul class=\"wp-block-list\">\n<li><a href=\"https:\/\/bfsg-gesetz.de\/\" target=\"_blank\" rel=\"noreferrer noopener nofollow\">https:\/\/bfsg-gesetz.de\/<\/a><\/li>\n\n\n\n<li><a href=\"https:\/\/bfsg-gesetz.de\/bfsgv\/\" target=\"_blank\" rel=\"noreferrer noopener nofollow\">https:\/\/bfsg-gesetz.de\/bfsgv\/<\/a><\/li>\n\n\n\n<li><a href=\"https:\/\/www.w3.org\/TR\/WCAG22\/\" target=\"_blank\" rel=\"noreferrer noopener nofollow\">https:\/\/www.w3.org\/TR\/WCAG22\/<\/a><\/li>\n<\/ul>\n\n\n<style>.wp-block-kadence-advancedheading.kt-adv-heading3198_e92708-57_17, .wp-block-kadence-advancedheading.kt-adv-heading3198_e92708-57_17[data-kb-block=\"kb-adv-heading3198_e92708-57_17\"]{font-style:normal;}.wp-block-kadence-advancedheading.kt-adv-heading3198_e92708-57_17 mark.kt-highlight, .wp-block-kadence-advancedheading.kt-adv-heading3198_e92708-57_17[data-kb-block=\"kb-adv-heading3198_e92708-57_17\"] mark.kt-highlight{font-style:normal;color:#f76a0c;-webkit-box-decoration-break:clone;box-decoration-break:clone;padding-top:0px;padding-right:0px;padding-bottom:0px;padding-left:0px;}.wp-block-kadence-advancedheading.kt-adv-heading3198_e92708-57_17 img.kb-inline-image, .wp-block-kadence-advancedheading.kt-adv-heading3198_e92708-57_17[data-kb-block=\"kb-adv-heading3198_e92708-57_17\"] img.kb-inline-image{width:150px;vertical-align:baseline;}<\/style>\n<h2 class=\"kt-adv-heading3198_e92708-57_17 wp-block-kadence-advancedheading\" data-kb-block=\"kb-adv-heading3198_e92708-57_17\">Erf\u00fcllung der Barrierefreiheitsanforderungen<\/h2>\n\n\n<style>.wp-block-kadence-advancedheading.kt-adv-heading3198_e92708-57_18, .wp-block-kadence-advancedheading.kt-adv-heading3198_e92708-57_18[data-kb-block=\"kb-adv-heading3198_e92708-57_18\"]{font-style:normal;}.wp-block-kadence-advancedheading.kt-adv-heading3198_e92708-57_18 mark.kt-highlight, .wp-block-kadence-advancedheading.kt-adv-heading3198_e92708-57_18[data-kb-block=\"kb-adv-heading3198_e92708-57_18\"] mark.kt-highlight{font-style:normal;color:#f76a0c;-webkit-box-decoration-break:clone;box-decoration-break:clone;padding-top:0px;padding-right:0px;padding-bottom:0px;padding-left:0px;}.wp-block-kadence-advancedheading.kt-adv-heading3198_e92708-57_18 img.kb-inline-image, .wp-block-kadence-advancedheading.kt-adv-heading3198_e92708-57_18[data-kb-block=\"kb-adv-heading3198_e92708-57_18\"] img.kb-inline-image{width:150px;vertical-align:baseline;}<\/style>\n<p class=\"kt-adv-heading3198_e92708-57_18 wp-block-kadence-advancedheading\" data-kb-block=\"kb-adv-heading3198_e92708-57_18\">Wir sind bestrebt, unseren Internetauftritt so barrierefrei wie m\u00f6glich zu gestalten. Dennoch kann es aktuell vorkommen, dass einzelne Inhalte oder Funktionen noch nicht vollst\u00e4ndig barrierefrei zug\u00e4nglich sind. Wir arbeiten kontinuierlich daran, bestehende Barrieren zu identifizieren und abzubauen, um die Zug\u00e4nglichkeit f\u00fcr alle Nutzer weiter zu verbessern.<\/p>\n\n\n<style>.wp-block-kadence-advancedheading.kt-adv-heading3198_e92708-57_21, .wp-block-kadence-advancedheading.kt-adv-heading3198_e92708-57_21[data-kb-block=\"kb-adv-heading3198_e92708-57_21\"]{font-style:normal;}.wp-block-kadence-advancedheading.kt-adv-heading3198_e92708-57_21 mark.kt-highlight, .wp-block-kadence-advancedheading.kt-adv-heading3198_e92708-57_21[data-kb-block=\"kb-adv-heading3198_e92708-57_21\"] mark.kt-highlight{font-style:normal;color:#f76a0c;-webkit-box-decoration-break:clone;box-decoration-break:clone;padding-top:0px;padding-right:0px;padding-bottom:0px;padding-left:0px;}.wp-block-kadence-advancedheading.kt-adv-heading3198_e92708-57_21 img.kb-inline-image, .wp-block-kadence-advancedheading.kt-adv-heading3198_e92708-57_21[data-kb-block=\"kb-adv-heading3198_e92708-57_21\"] img.kb-inline-image{width:150px;vertical-align:baseline;}<\/style>\n<p class=\"kt-adv-heading3198_e92708-57_21 wp-block-kadence-advancedheading\" data-kb-block=\"kb-adv-heading3198_e92708-57_21\">Sollten Sie auf Informationen sto\u00dfen, die Sie nicht nutzen k\u00f6nnen, nehmen Sie bitte Kontakt mit uns auf: <a href=\"mailto:webmaster@dfjw.org\">webmaster@dfjw.org<\/a>. Wir werden Ihnen nach unseren M\u00f6glichkeiten diese gerne bereitstellen.<\/p>\n\n\n<style>.wp-block-kadence-advancedheading.kt-adv-heading3198_e92708-57_24, .wp-block-kadence-advancedheading.kt-adv-heading3198_e92708-57_24[data-kb-block=\"kb-adv-heading3198_e92708-57_24\"]{font-style:normal;}.wp-block-kadence-advancedheading.kt-adv-heading3198_e92708-57_24 mark.kt-highlight, .wp-block-kadence-advancedheading.kt-adv-heading3198_e92708-57_24[data-kb-block=\"kb-adv-heading3198_e92708-57_24\"] mark.kt-highlight{font-style:normal;color:#f76a0c;-webkit-box-decoration-break:clone;box-decoration-break:clone;padding-top:0px;padding-right:0px;padding-bottom:0px;padding-left:0px;}.wp-block-kadence-advancedheading.kt-adv-heading3198_e92708-57_24 img.kb-inline-image, .wp-block-kadence-advancedheading.kt-adv-heading3198_e92708-57_24[data-kb-block=\"kb-adv-heading3198_e92708-57_24\"] img.kb-inline-image{width:150px;vertical-align:baseline;}<\/style>\n<h2 class=\"kt-adv-heading3198_e92708-57_24 wp-block-kadence-advancedheading\" data-kb-block=\"kb-adv-heading3198_e92708-57_24\">Verbraucherinformation nach Art. 246 EGBGB<\/h2>\n\n\n<style>.wp-block-kadence-advancedheading.kt-adv-heading3198_e92708-57_25, .wp-block-kadence-advancedheading.kt-adv-heading3198_e92708-57_25[data-kb-block=\"kb-adv-heading3198_e92708-57_25\"]{font-style:normal;}.wp-block-kadence-advancedheading.kt-adv-heading3198_e92708-57_25 mark.kt-highlight, .wp-block-kadence-advancedheading.kt-adv-heading3198_e92708-57_25[data-kb-block=\"kb-adv-heading3198_e92708-57_25\"] mark.kt-highlight{font-style:normal;color:#f76a0c;-webkit-box-decoration-break:clone;box-decoration-break:clone;padding-top:0px;padding-right:0px;padding-bottom:0px;padding-left:0px;}.wp-block-kadence-advancedheading.kt-adv-heading3198_e92708-57_25 img.kb-inline-image, .wp-block-kadence-advancedheading.kt-adv-heading3198_e92708-57_25[data-kb-block=\"kb-adv-heading3198_e92708-57_25\"] img.kb-inline-image{width:150px;vertical-align:baseline;}<\/style>\n<p class=\"kt-adv-heading3198_e92708-57_25 wp-block-kadence-advancedheading\" data-kb-block=\"kb-adv-heading3198_e92708-57_25\">Deutsch-Franz\u00f6sisches Jugendwerk <br>Molkenmarkt 1<br>10179 Berlin<br>Telefon: +49 (0)30 288 75 70- 0<br>Kontaktformular auf der Homepage<\/p>\n\n\n<style>.wp-block-kadence-advancedheading.kt-adv-heading3198_e92708-57_30, .wp-block-kadence-advancedheading.kt-adv-heading3198_e92708-57_30[data-kb-block=\"kb-adv-heading3198_e92708-57_30\"]{font-style:normal;}.wp-block-kadence-advancedheading.kt-adv-heading3198_e92708-57_30 mark.kt-highlight, .wp-block-kadence-advancedheading.kt-adv-heading3198_e92708-57_30[data-kb-block=\"kb-adv-heading3198_e92708-57_30\"] mark.kt-highlight{font-style:normal;color:#f76a0c;-webkit-box-decoration-break:clone;box-decoration-break:clone;padding-top:0px;padding-right:0px;padding-bottom:0px;padding-left:0px;}.wp-block-kadence-advancedheading.kt-adv-heading3198_e92708-57_30 img.kb-inline-image, .wp-block-kadence-advancedheading.kt-adv-heading3198_e92708-57_30[data-kb-block=\"kb-adv-heading3198_e92708-57_30\"] img.kb-inline-image{width:150px;vertical-align:baseline;}<\/style>\n<h2 class=\"kt-adv-heading3198_e92708-57_30 wp-block-kadence-advancedheading\" data-kb-block=\"kb-adv-heading3198_e92708-57_30\">Zust\u00e4ndige Markt\u00fcberwachungsbeh\u00f6rde<\/h2>\n\n\n<style>.wp-block-kadence-advancedheading.kt-adv-heading3198_e92708-57_31, .wp-block-kadence-advancedheading.kt-adv-heading3198_e92708-57_31[data-kb-block=\"kb-adv-heading3198_e92708-57_31\"]{font-style:normal;}.wp-block-kadence-advancedheading.kt-adv-heading3198_e92708-57_31 mark.kt-highlight, .wp-block-kadence-advancedheading.kt-adv-heading3198_e92708-57_31[data-kb-block=\"kb-adv-heading3198_e92708-57_31\"] mark.kt-highlight{font-style:normal;color:#f76a0c;-webkit-box-decoration-break:clone;box-decoration-break:clone;padding-top:0px;padding-right:0px;padding-bottom:0px;padding-left:0px;}.wp-block-kadence-advancedheading.kt-adv-heading3198_e92708-57_31 img.kb-inline-image, .wp-block-kadence-advancedheading.kt-adv-heading3198_e92708-57_31[data-kb-block=\"kb-adv-heading3198_e92708-57_31\"] img.kb-inline-image{width:150px;vertical-align:baseline;}<\/style>\n<p class=\"kt-adv-heading3198_e92708-57_31 wp-block-kadence-advancedheading\" data-kb-block=\"kb-adv-heading3198_e92708-57_31\">MLBF &#8211; Markt\u00fcberwachungsstelle der L\u00e4nder f\u00fcr die Barrierefreiheit von Produkten und Dienstleistungen <br>c\/o Ministerium f\u00fcr Arbeit, Soziales, Gesundheit und Gleichstellung Sachsen-Anhalt Postfach 39 11 55<br>39135 Magdeburg<br>Telefon: 03G1 567 6G70<br>E-Mail: <a href=\"mailto:MLBF@ms.sachsen-anhalt.de\">MLBF@ms.sachsen-anhalt.de<\/a>.<\/p>\n","protected":false},"excerpt":{"rendered":"<p>Erkl\u00e4rung zur Barrierefreiheit Dienstleistungsbeschreibung Die Webseite mobiklasse.de stellt ein Programm des Deutsch-Franz\u00f6sischen Jugendwerks (DFJW) vor, das junge deutschsprachige Lektor:innen nach Frankreich entsendet, um Kindern und Jugendlichen die deutsche Sprache und Kultur n\u00e4herzubringen. Ziel&#8230;<\/p>\n","protected":false},"author":2,"featured_media":0,"parent":0,"menu_order":23,"comment_status":"closed","ping_status":"closed","template":"","meta":{"_acf_changed":false,"_kad_blocks_custom_css":"","_kad_blocks_head_custom_js":"","_kad_blocks_body_custom_js":"","_kad_blocks_footer_custom_js":"","_kad_post_transparent":"","_kad_post_title":"","_kad_post_layout":"","_kad_post_sidebar_id":"","_kad_post_content_style":"","_kad_post_vertical_padding":"","_kad_post_feature":"","_kad_post_feature_position":"","_kad_post_header":false,"_kad_post_footer":false,"_kad_post_classname":"","footnotes":"","css_class_manager_body_classes":"","css_class_manager_use_in_post_loop":false},"class_list":["post-3754","page","type-page","status-publish","hentry"],"acf":[],"taxonomy_info":[],"featured_image_src_large":false,"author_info":{"display_name":"tbaldes","author_link":"https:\/\/www.mobiklasse.de\/de\/news\/author\/3679601a0e0eba92\/"},"comment_info":0,"_links":{"self":[{"href":"https:\/\/www.mobiklasse.de\/de\/wp-json\/wp\/v2\/pages\/3754","targetHints":{"allow":["GET"]}}],"collection":[{"href":"https:\/\/www.mobiklasse.de\/de\/wp-json\/wp\/v2\/pages"}],"about":[{"href":"https:\/\/www.mobiklasse.de\/de\/wp-json\/wp\/v2\/types\/page"}],"author":[{"embeddable":true,"href":"https:\/\/www.mobiklasse.de\/de\/wp-json\/wp\/v2\/users\/2"}],"replies":[{"embeddable":true,"href":"https:\/\/www.mobiklasse.de\/de\/wp-json\/wp\/v2\/comments?post=3754"}],"version-history":[{"count":2,"href":"https:\/\/www.mobiklasse.de\/de\/wp-json\/wp\/v2\/pages\/3754\/revisions"}],"predecessor-version":[{"id":3757,"href":"https:\/\/www.mobiklasse.de\/de\/wp-json\/wp\/v2\/pages\/3754\/revisions\/3757"}],"wp:attachment":[{"href":"https:\/\/www.mobiklasse.de\/de\/wp-json\/wp\/v2\/media?parent=3754"}],"curies":[{"name":"wp","href":"https:\/\/api.w.org\/{rel}","templated":true}]}}